{"id":8,"date":"2026-02-23T12:58:41","date_gmt":"2026-02-23T12:58:41","guid":{"rendered":"https:\/\/ciudadcientifica.pe\/?page_id=8"},"modified":"2026-02-24T17:40:46","modified_gmt":"2026-02-24T17:40:46","slug":"home","status":"publish","type":"page","link":"https:\/\/ciudadcientifica.pe\/","title":{"rendered":"Home"},"content":{"rendered":"\t\t<div data-elementor-type=\"wp-post\" data-elementor-id=\"8\" class=\"elementor elementor-8\">\n\t\t\t\t<div class=\"elementor-element elementor-element-572e4ff e-flex e-con-boxed e-con e-parent\" data-id=\"572e4ff\" data-element_type=\"container\" data-e-type=\"container\">\n\t\t\t\t\t<div class=\"e-con-inner\">\n\t\t<div class=\"elementor-element elementor-element-ccb728b e-con-full e-flex e-con e-child\" data-id=\"ccb728b\" data-element_type=\"container\" data-e-type=\"container\">\n\t\t\t\t<div class=\"elementor-element elementor-element-d7fde6d elementor-widget elementor-widget-image\" data-id=\"d7fde6d\" data-element_type=\"widget\" data-e-type=\"widget\" data-widget_type=\"image.default\">\n\t\t\t\t\t\t\t\t\t\t\t\t\t\t\t<img fetchpriority=\"high\" decoding=\"async\" width=\"800\" height=\"800\" src=\"https:\/\/ciudadcientifica.pe\/wp-content\/uploads\/2026\/02\/LOGO-CIUDAD-CIENTIFICA-1024x1024.jpg\" class=\"attachment-large size-large wp-image-10\" alt=\"LOGO\" srcset=\"https:\/\/ciudadcientifica.pe\/wp-content\/uploads\/2026\/02\/LOGO-CIUDAD-CIENTIFICA-1024x1024.jpg 1024w, https:\/\/ciudadcientifica.pe\/wp-content\/uploads\/2026\/02\/LOGO-CIUDAD-CIENTIFICA-300x300.jpg 300w, https:\/\/ciudadcientifica.pe\/wp-content\/uploads\/2026\/02\/LOGO-CIUDAD-CIENTIFICA-150x150.jpg 150w, https:\/\/ciudadcientifica.pe\/wp-content\/uploads\/2026\/02\/LOGO-CIUDAD-CIENTIFICA-768x768.jpg 768w, https:\/\/ciudadcientifica.pe\/wp-content\/uploads\/2026\/02\/LOGO-CIUDAD-CIENTIFICA.jpg 1042w\" sizes=\"(max-width: 800px) 100vw, 800px\" \/>\t\t\t\t\t\t\t\t\t\t\t\t\t\t\t<\/div>\n\t\t\t\t<\/div>\n\t\t\t\t\t<\/div>\n\t\t\t\t<\/div>\n\t\t<div class=\"elementor-element elementor-element-c73ee70 e-flex e-con-boxed e-con e-parent\" data-id=\"c73ee70\" data-element_type=\"container\" data-e-type=\"container\">\n\t\t\t\t\t<div class=\"e-con-inner\">\n\t\t<div class=\"elementor-element elementor-element-3b01999 e-con-full e-flex e-con e-child\" data-id=\"3b01999\" data-element_type=\"container\" data-e-type=\"container\">\n\t\t\t\t<div class=\"elementor-element elementor-element-db5e733 elementor-widget elementor-widget-image\" data-id=\"db5e733\" data-element_type=\"widget\" data-e-type=\"widget\" data-widget_type=\"image.default\">\n\t\t\t\t\t\t\t\t\t\t\t\t\t\t\t<img decoding=\"async\" width=\"800\" height=\"534\" src=\"https:\/\/ciudadcientifica.pe\/wp-content\/uploads\/2026\/02\/DSC04774-1024x683.jpg\" class=\"attachment-large size-large wp-image-11\" alt=\"\" srcset=\"https:\/\/ciudadcientifica.pe\/wp-content\/uploads\/2026\/02\/DSC04774-1024x683.jpg 1024w, https:\/\/ciudadcientifica.pe\/wp-content\/uploads\/2026\/02\/DSC04774-300x200.jpg 300w, https:\/\/ciudadcientifica.pe\/wp-content\/uploads\/2026\/02\/DSC04774-768x512.jpg 768w, https:\/\/ciudadcientifica.pe\/wp-content\/uploads\/2026\/02\/DSC04774-1536x1024.jpg 1536w, https:\/\/ciudadcientifica.pe\/wp-content\/uploads\/2026\/02\/DSC04774-2048x1365.jpg 2048w\" sizes=\"(max-width: 800px) 100vw, 800px\" \/>\t\t\t\t\t\t\t\t\t\t\t\t\t\t\t<\/div>\n\t\t\t\t<\/div>\n\t\t<div class=\"elementor-element elementor-element-d83fc24 e-con-full e-flex e-con e-child\" data-id=\"d83fc24\" data-element_type=\"container\" data-e-type=\"container\">\n\t\t<div class=\"elementor-element elementor-element-337b3a8 e-con-full e-flex e-con e-child\" data-id=\"337b3a8\" data-element_type=\"container\" data-e-type=\"container\">\n\t\t\t\t<div class=\"elementor-element elementor-element-38585df elementor-widget elementor-widget-heading\" data-id=\"38585df\" data-element_type=\"widget\" data-e-type=\"widget\" data-widget_type=\"heading.default\">\n\t\t\t\t\t<h2 class=\"elementor-heading-title elementor-size-default\">Bienvenidos a Ciudad Cient\u00edfica<\/h2>\t\t\t\t<\/div>\n\t\t\t\t<div class=\"elementor-element elementor-element-ad1f696 elementor-widget-divider--view-line elementor-widget elementor-widget-divider\" data-id=\"ad1f696\" data-element_type=\"widget\" data-e-type=\"widget\" data-widget_type=\"divider.default\">\n\t\t\t\t\t\t\t<div class=\"elementor-divider\">\n\t\t\t<span class=\"elementor-divider-separator\">\n\t\t\t\t\t\t<\/span>\n\t\t<\/div>\n\t\t\t\t\t\t<\/div>\n\t\t\t\t<div class=\"elementor-element elementor-element-fb4cc3c elementor-widget elementor-widget-text-editor\" data-id=\"fb4cc3c\" data-element_type=\"widget\" data-e-type=\"widget\" data-widget_type=\"text-editor.default\">\n\t\t\t\t\t\t\t\t\t<p>Un espacio donde la naturaleza, la organizaci\u00f3n y la visi\u00f3n de futuro se unen para transformarlo en un Parque Ecol\u00f3gico.<\/p><p>Ciudad Cient\u00edfica es m\u00e1s que un lugar: es una comunidad en construcci\u00f3n, comprometida con el desarrollo agroecol\u00f3gico, la sostenibilidad y el crecimiento colectivo. Aqu\u00ed trabajamos para convertir terrenos \u00e1ridos en espacios productivos, promoviendo agricultura responsable, energ\u00edas limpias y oportunidades reales para las familias que desean ser parte de un cambio positivo.<\/p><p>Creemos en la tierra como fuente de progreso, en la comunidad como motor de seguridad y desarrollo, y en la productividad como camino hacia un futuro m\u00e1s justo y sostenible.<\/p>\t\t\t\t\t\t\t\t<\/div>\n\t\t\t\t<\/div>\n\t\t\t\t<\/div>\n\t\t\t\t\t<\/div>\n\t\t\t\t<\/div>\n\t\t<div class=\"elementor-element elementor-element-8c62411 e-flex e-con-boxed e-con e-parent\" data-id=\"8c62411\" data-element_type=\"container\" data-e-type=\"container\" data-settings=\"{&quot;background_background&quot;:&quot;classic&quot;}\">\n\t\t\t\t\t<div class=\"e-con-inner\">\n\t\t<div class=\"elementor-element elementor-element-6d39397 e-con-full e-flex e-con e-child\" data-id=\"6d39397\" data-element_type=\"container\" data-e-type=\"container\">\n\t\t\t\t<div class=\"elementor-element elementor-element-394dd29 elementor-widget elementor-widget-heading\" data-id=\"394dd29\" data-element_type=\"widget\" data-e-type=\"widget\" data-widget_type=\"heading.default\">\n\t\t\t\t\t<h2 class=\"elementor-heading-title elementor-size-default\">Muy pronto m\u00e1s informaci\u00f3n  | Contacto: 944986598<\/h2>\t\t\t\t<\/div>\n\t\t\t\t<\/div>\n\t\t\t\t\t<\/div>\n\t\t\t\t<\/div>\n\t\t<div class=\"elementor-element elementor-element-2178f83 e-flex e-con-boxed e-con e-parent\" data-id=\"2178f83\" data-element_type=\"container\" data-e-type=\"container\">\n\t\t\t\t\t<div class=\"e-con-inner\">\n\t\t\t\t<div class=\"elementor-element elementor-element-a7f1ae2 elementor-widget elementor-widget-heading\" data-id=\"a7f1ae2\" data-element_type=\"widget\" data-e-type=\"widget\" data-widget_type=\"heading.default\">\n\t\t\t\t\t<h2 class=\"elementor-heading-title elementor-size-default\">Ciudad Cient\u00edfica no solo crece\u2026 evoluciona.\nY t\u00fa puedes ser parte de esta transformaci\u00f3n.<\/h2>\t\t\t\t<\/div>\n\t\t\t\t\t<\/div>\n\t\t\t\t<\/div>\n\t\t\t\t<\/div>\n\t\t","protected":false},"excerpt":{"rendered":"<p>Bienvenidos a Ciudad Cient\u00edfica Un espacio donde la naturaleza, la organizaci\u00f3n y la visi\u00f3n de futuro se unen para transformarlo en un Parque Ecol\u00f3gico. Ciudad Cient\u00edfica es m\u00e1s que un lugar: es una comunidad en construcci\u00f3n, comprometida con el desarrollo agroecol\u00f3gico, la sostenibilidad y el crecimiento colectivo. Aqu\u00ed trabajamos para convertir terrenos \u00e1ridos en espacios [&hellip;]<\/p>\n","protected":false},"author":1,"featured_media":0,"parent":0,"menu_order":0,"comment_status":"closed","ping_status":"closed","template":"elementor_canvas","meta":{"footnotes":""},"class_list":["post-8","page","type-page","status-publish","hentry"],"_links":{"self":[{"href":"https:\/\/ciudadcientifica.pe\/index.php\/wp-json\/wp\/v2\/pages\/8","targetHints":{"allow":["GET"]}}],"collection":[{"href":"https:\/\/ciudadcientifica.pe\/index.php\/wp-json\/wp\/v2\/pages"}],"about":[{"href":"https:\/\/ciudadcientifica.pe\/index.php\/wp-json\/wp\/v2\/types\/page"}],"author":[{"embeddable":true,"href":"https:\/\/ciudadcientifica.pe\/index.php\/wp-json\/wp\/v2\/users\/1"}],"replies":[{"embeddable":true,"href":"https:\/\/ciudadcientifica.pe\/index.php\/wp-json\/wp\/v2\/comments?post=8"}],"version-history":[{"count":13,"href":"https:\/\/ciudadcientifica.pe\/index.php\/wp-json\/wp\/v2\/pages\/8\/revisions"}],"predecessor-version":[{"id":27,"href":"https:\/\/ciudadcientifica.pe\/index.php\/wp-json\/wp\/v2\/pages\/8\/revisions\/27"}],"wp:attachment":[{"href":"https:\/\/ciudadcientifica.pe\/index.php\/wp-json\/wp\/v2\/media?parent=8"}],"curies":[{"name":"wp","href":"https:\/\/api.w.org\/{rel}","templated":true}]}}